{"id":6,"date":"2015-12-30T15:17:20","date_gmt":"2015-12-30T15:17:20","guid":{"rendered":"http:\/\/themenectar.com\/demo\/salient-corporate\/?page_id=4"},"modified":"2026-03-31T12:05:59","modified_gmt":"2026-03-31T15:05:59","slug":"home","status":"publish","type":"page","link":"https:\/\/vale-verde.com\/","title":{"rendered":"Home"},"content":{"rendered":"[vc_row type=&#8221;full_width_background&#8221; full_screen_row_position=&#8221;middle&#8221; equal_height=&#8221;yes&#8221; bg_color=&#8221;#ffffff&#8221; scene_position=&#8221;center&#8221; text_color=&#8221;dark&#8221; text_align=&#8221;left&#8221; class=&#8221;#2d3538&#8243; enable_gradient=&#8221;true&#8221; color_overlay=&#8221;#217353&#8243; color_overlay_2=&#8221;#217353&#8243; gradient_direction=&#8221;left_to_right&#8221; overlay_strength=&#8221;1&#8243; shape_divider_position=&#8221;bottom&#8221; shape_type=&#8221;&#8221;][vc_column enable_animation=&#8221;true&#8221; animation=&#8221;fade-in-from-left&#8221; column_padding=&#8221;padding-1-percent&#8221; column_padding_position=&#8221;left-right&#8221; background_color_opacity=&#8221;1&#8243; background_hover_color_opacity=&#8221;1&#8243; column_shadow=&#8221;none&#8221; column_border_radius=&#8221;none&#8221; width=&#8221;1\/1&#8243; tablet_text_alignment=&#8221;default&#8221; phone_text_alignment=&#8221;default&#8221; column_border_width=&#8221;none&#8221; column_border_style=&#8221;solid&#8221; delay=&#8221;4&#8243;]<div class=\"divider-wrap\"><div style=\"height: 50px;\" class=\"divider\"><\/div><\/div>[vc_column_text css=&#8221;.vc_custom_1574274041849{border-bottom-width: 50px !important;padding-bottom: 50px !important;}&#8221;]\n<h3 style=\"text-align: center;\"><span style=\"color: #ffffff;\">Estamos operando a Mina Serrote com disciplina financeira e excel\u00eancia operacional, promovendo uma vis\u00e3o diferenciada de sustentabilidade, de forma segura e respons\u00e1vel<\/span><\/h3>\n[\/vc_column_text]<div class=\"divider-wrap\"><div style=\"height: 50px;\" class=\"divider\"><\/div><\/div>[\/vc_column][\/vc_row][vc_row type=&#8221;full_width_background&#8221; full_screen_row_position=&#8221;middle&#8221; equal_height=&#8221;yes&#8221; bg_color=&#8221;#ffffff&#8221; scene_position=&#8221;center&#8221; text_color=&#8221;dark&#8221; text_align=&#8221;left&#8221; class=&#8221;#2d3538&#8243; overlay_strength=&#8221;1&#8243; shape_divider_position=&#8221;bottom&#8221; shape_type=&#8221;&#8221;][vc_column enable_animation=&#8221;true&#8221; animation=&#8221;fade-in-from-left&#8221; column_padding=&#8221;padding-1-percent&#8221; column_padding_position=&#8221;left-right&#8221; background_color_opacity=&#8221;1&#8243; background_hover_color_opacity=&#8221;1&#8243; column_shadow=&#8221;none&#8221; column_border_radius=&#8221;none&#8221; width=&#8221;1\/1&#8243; tablet_text_alignment=&#8221;default&#8221; phone_text_alignment=&#8221;default&#8221; column_border_width=&#8221;none&#8221; column_border_style=&#8221;solid&#8221; delay=&#8221;4&#8243;]<div class=\"divider-wrap\"><div style=\"height: 30px;\" class=\"divider\"><\/div><\/div>[\/vc_column][\/vc_row][vc_row type=&#8221;full_width_background&#8221; full_screen_row_position=&#8221;middle&#8221; equal_height=&#8221;yes&#8221; bg_color=&#8221;#ffffff&#8221; scene_position=&#8221;center&#8221; text_color=&#8221;dark&#8221; text_align=&#8221;left&#8221; class=&#8221;#2d3538&#8243; overlay_strength=&#8221;1&#8243; shape_divider_position=&#8221;bottom&#8221; shape_type=&#8221;&#8221;][vc_column enable_animation=&#8221;true&#8221; animation=&#8221;fade-in-from-left&#8221; boxed=&#8221;true&#8221; centered_text=&#8221;true&#8221; column_padding=&#8221;padding-1-percent&#8221; column_padding_position=&#8221;left-right&#8221; background_color_opacity=&#8221;1&#8243; background_hover_color_opacity=&#8221;1&#8243; column_shadow=&#8221;none&#8221; column_border_radius=&#8221;none&#8221; el_class=&#8221;yellow-gradient&#8221; width=&#8221;1\/2&#8243; tablet_text_alignment=&#8221;default&#8221; phone_text_alignment=&#8221;default&#8221; column_border_width=&#8221;none&#8221; column_border_style=&#8221;solid&#8221; delay=&#8221;4&#8243;][vc_custom_heading text=&#8221;Objetivo&#8221; font_container=&#8221;tag:h3|font_size:28px|text_align:left|color:%231b3663|line_height:38px&#8221; google_fonts=&#8221;font_family:Montserrat%3Aregular%2C700|font_style:400%20regular%3A400%3Anormal&#8221; css=&#8221;.vc_custom_1540060881477{margin-top: 30px !important;margin-left: 30px !important;border-top-width: 30px !important;border-bottom-width: 30px !important;padding-bottom: 10px !important;}&#8221;][vc_custom_heading text=&#8221;A Minera\u00e7\u00e3o Vale Verde tem como principal objetivo desenvolver o Projeto Serrote, localizado no Agreste Alagoano, no munic\u00edpio de Cra\u00edbas, junto \u00e0 divisa do munic\u00edpio de Arapiraca, um dos principais centros urbanos do estado.&#8221; font_container=&#8221;tag:p|font_size:14px|text_align:left|color:%231b3663|line_height:24px&#8221; google_fonts=&#8221;font_family:Montserrat%3Aregular%2C700|font_style:400%20regular%3A400%3Anormal&#8221; css=&#8221;.vc_custom_1572886711123{padding-right: 30px !important;padding-bottom: 30px !important;padding-left: 30px !important;}&#8221;][nectar_cta btn_style=&#8221;see-through&#8221; heading_tag=&#8221;h5&#8243; text_color=&#8221;#3452ff&#8221; link_type=&#8221;regular&#8221; alignment=&#8221;left&#8221; link_text=&#8221;Vis\u00e3o geral&#8221; url=&#8221;https:\/\/vale-verde.com\/index.php\/visao-geral\/&#8221; class=&#8221;asdf&#8221;][vc_column_text css=&#8221;.vc_custom_1539976264896{border-bottom-width: 30px !important;padding-bottom: 30px !important;}&#8221;][\/vc_column_text][\/vc_column][vc_column boxed=&#8221;true&#8221; column_padding=&#8221;no-extra-padding&#8221; column_padding_position=&#8221;all&#8221; background_color_opacity=&#8221;1&#8243; background_hover_color_opacity=&#8221;1&#8243; background_image=&#8221;7784&#8243; column_shadow=&#8221;none&#8221; column_border_radius=&#8221;none&#8221; width=&#8221;1\/2&#8243; tablet_text_alignment=&#8221;default&#8221; phone_text_alignment=&#8221;default&#8221; column_border_width=&#8221;none&#8221; column_border_style=&#8221;solid&#8221;]<div class=\"divider-wrap\"><div style=\"height: 400px;\" class=\"divider\"><\/div><\/div>[\/vc_column][\/vc_row][vc_row type=&#8221;full_width_background&#8221; full_screen_row_position=&#8221;middle&#8221; equal_height=&#8221;yes&#8221; bg_color=&#8221;#ffffff&#8221; scene_position=&#8221;center&#8221; text_color=&#8221;dark&#8221; text_align=&#8221;left&#8221; class=&#8221;#2d3538&#8243; overlay_strength=&#8221;1&#8243; shape_divider_position=&#8221;bottom&#8221; shape_type=&#8221;&#8221;][vc_column enable_animation=&#8221;true&#8221; animation=&#8221;fade-in-from-left&#8221; column_padding=&#8221;padding-1-percent&#8221; column_padding_position=&#8221;left-right&#8221; background_color_opacity=&#8221;1&#8243; background_hover_color_opacity=&#8221;1&#8243; column_shadow=&#8221;none&#8221; column_border_radius=&#8221;none&#8221; width=&#8221;1\/1&#8243; tablet_text_alignment=&#8221;default&#8221; phone_text_alignment=&#8221;default&#8221; column_border_width=&#8221;none&#8221; column_border_style=&#8221;solid&#8221; delay=&#8221;4&#8243;]<div class=\"divider-wrap\"><div style=\"height: 30px;\" class=\"divider\"><\/div><\/div>[\/vc_column][\/vc_row][vc_row type=&#8221;full_width_background&#8221; full_screen_row_position=&#8221;middle&#8221; equal_height=&#8221;yes&#8221; bg_color=&#8221;#ffffff&#8221; scene_position=&#8221;center&#8221; text_color=&#8221;dark&#8221; text_align=&#8221;left&#8221; class=&#8221;#2d3538&#8243; overlay_strength=&#8221;1&#8243; shape_divider_position=&#8221;bottom&#8221; shape_type=&#8221;&#8221;][vc_column boxed=&#8221;true&#8221; column_padding=&#8221;padding-1-percent&#8221; column_padding_position=&#8221;all&#8221; background_color_opacity=&#8221;1&#8243; background_hover_color_opacity=&#8221;1&#8243; background_image=&#8221;9050&#8243; column_shadow=&#8221;none&#8221; column_border_radius=&#8221;none&#8221; width=&#8221;1\/2&#8243; tablet_text_alignment=&#8221;default&#8221; phone_text_alignment=&#8221;default&#8221; column_border_width=&#8221;none&#8221; column_border_style=&#8221;solid&#8221;]<div class=\"divider-wrap\"><div style=\"height: 400px;\" class=\"divider\"><\/div><\/div>[\/vc_column][vc_column enable_animation=&#8221;true&#8221; animation=&#8221;fade-in-from-left&#8221; boxed=&#8221;true&#8221; centered_text=&#8221;true&#8221; column_padding=&#8221;padding-1-percent&#8221; column_padding_position=&#8221;left-right&#8221; background_color_opacity=&#8221;1&#8243; background_hover_color_opacity=&#8221;1&#8243; column_shadow=&#8221;none&#8221; column_border_radius=&#8221;none&#8221; el_class=&#8221;blue-gradient&#8221; width=&#8221;1\/2&#8243; tablet_text_alignment=&#8221;default&#8221; phone_text_alignment=&#8221;default&#8221; column_border_width=&#8221;none&#8221; column_border_style=&#8221;solid&#8221; delay=&#8221;4&#8243;][vc_custom_heading text=&#8221;Nosso time&#8221; font_container=&#8221;tag:h3|font_size:28px|text_align:left|color:%23ffffff|line_height:38px&#8221; google_fonts=&#8221;font_family:Montserrat%3Aregular%2C700|font_style:400%20regular%3A400%3Anormal&#8221; css=&#8221;.vc_custom_1571951207424{margin-top: 30px !important;margin-left: 30px !important;border-top-width: 30px !important;border-bottom-width: 30px !important;padding-bottom: 10px !important;}&#8221;][vc_custom_heading text=&#8221;Reunimos especialistas globais com experi\u00eancia comprovada no setor de minera\u00e7\u00e3o, cujos conhecimentos asseguram a produtividade e a competitividade na produ\u00e7\u00e3o e comercializa\u00e7\u00e3o do concentrado de cobre.<br \/>\n&#8221; font_container=&#8221;tag:p|font_size:14px|text_align:left|color:%23ffffff|line_height:24px&#8221; google_fonts=&#8221;font_family:Montserrat%3Aregular%2C700|font_style:400%20regular%3A400%3Anormal&#8221; css=&#8221;.vc_custom_1572886820298{padding-right: 30px !important;padding-bottom: 30px !important;padding-left: 30px !important;}&#8221;][nectar_cta btn_style=&#8221;see-through&#8221; heading_tag=&#8221;h5&#8243; text_color=&#8221;#ffffff&#8221; link_type=&#8221;regular&#8221; alignment=&#8221;left&#8221; link_text=&#8221;Conhe\u00e7a os l\u00edderes&#8221; url=&#8221;https:\/\/vale-verde.com\/index.php\/time\/&#8221; class=&#8221;asdf&#8221;][vc_column_text css=&#8221;.vc_custom_1539976264896{border-bottom-width: 30px !important;padding-bottom: 30px !important;}&#8221;][\/vc_column_text][\/vc_column][\/vc_row][vc_row type=&#8221;full_width_background&#8221; full_screen_row_position=&#8221;middle&#8221; equal_height=&#8221;yes&#8221; bg_color=&#8221;#ffffff&#8221; scene_position=&#8221;center&#8221; text_color=&#8221;dark&#8221; text_align=&#8221;left&#8221; class=&#8221;#2d3538&#8243; overlay_strength=&#8221;1&#8243; shape_divider_position=&#8221;bottom&#8221; shape_type=&#8221;&#8221;][vc_column enable_animation=&#8221;true&#8221; animation=&#8221;fade-in-from-left&#8221; column_padding=&#8221;padding-1-percent&#8221; column_padding_position=&#8221;left-right&#8221; background_color_opacity=&#8221;1&#8243; background_hover_color_opacity=&#8221;1&#8243; column_shadow=&#8221;none&#8221; column_border_radius=&#8221;none&#8221; width=&#8221;1\/1&#8243; tablet_text_alignment=&#8221;default&#8221; phone_text_alignment=&#8221;default&#8221; column_border_width=&#8221;none&#8221; column_border_style=&#8221;solid&#8221; delay=&#8221;4&#8243;]<div class=\"divider-wrap\"><div style=\"height: 30px;\" class=\"divider\"><\/div><\/div>[\/vc_column][\/vc_row][vc_row type=&#8221;full_width_background&#8221; full_screen_row_position=&#8221;middle&#8221; equal_height=&#8221;yes&#8221; bg_color=&#8221;#ffffff&#8221; scene_position=&#8221;center&#8221; text_color=&#8221;dark&#8221; text_align=&#8221;left&#8221; class=&#8221;#2d3538&#8243; overlay_strength=&#8221;1&#8243; shape_divider_position=&#8221;bottom&#8221; shape_type=&#8221;&#8221;][vc_column enable_animation=&#8221;true&#8221; animation=&#8221;fade-in-from-left&#8221; boxed=&#8221;true&#8221; centered_text=&#8221;true&#8221; column_padding=&#8221;padding-1-percent&#8221; column_padding_position=&#8221;left-right&#8221; background_color_opacity=&#8221;1&#8243; background_hover_color_opacity=&#8221;1&#8243; column_shadow=&#8221;none&#8221; column_border_radius=&#8221;none&#8221; el_class=&#8221;yellow-gradient&#8221; width=&#8221;1\/2&#8243; tablet_text_alignment=&#8221;default&#8221; phone_text_alignment=&#8221;default&#8221; column_border_width=&#8221;none&#8221; column_border_style=&#8221;solid&#8221; delay=&#8221;4&#8243;][vc_custom_heading text=&#8221;Nossa vis\u00e3o de responsabilidade social&#8221; font_container=&#8221;tag:h3|font_size:28px|text_align:left|color:%231b3663|line_height:38px&#8221; google_fonts=&#8221;font_family:Montserrat%3Aregular%2C700|font_style:400%20regular%3A400%3Anormal&#8221; css=&#8221;.vc_custom_1572887010190{margin-top: 30px !important;margin-left: 30px !important;border-top-width: 30px !important;border-bottom-width: 30px !important;padding-bottom: 10px !important;}&#8221;][vc_custom_heading text=&#8221;A Minera\u00e7\u00e3o Vale Verde tem compromisso com o crescimento e o desenvolvimento social de longo prazo das comunidades onde est\u00e1 inserida, fomentando, por meio de parcerias estrat\u00e9gicas com institui\u00e7\u00f5es que atuam nesses territ\u00f3rios, a melhoria na qualidade de vida dos moradores dessas localidades.&#8221; font_container=&#8221;tag:p|font_size:14px|text_align:left|color:%231b3663|line_height:24px&#8221; google_fonts=&#8221;font_family:Montserrat%3Aregular%2C700|font_style:400%20regular%3A400%3Anormal&#8221; css=&#8221;.vc_custom_1572887137820{padding-right: 30px !important;padding-bottom: 30px !important;padding-left: 30px !important;}&#8221;][nectar_cta btn_style=&#8221;see-through&#8221; heading_tag=&#8221;h5&#8243; text_color=&#8221;#3452ff&#8221; link_type=&#8221;regular&#8221; alignment=&#8221;left&#8221; link_text=&#8221;Sustentabilidade na pr\u00e1tica&#8221; url=&#8221;https:\/\/vale-verde.com\/index.php\/sustentabilidade\/&#8221; class=&#8221;asdf&#8221;][vc_column_text css=&#8221;.vc_custom_1539976264896{border-bottom-width: 30px !important;padding-bottom: 30px !important;}&#8221;][\/vc_column_text][\/vc_column][vc_column column_padding=&#8221;padding-1-percent&#8221; column_padding_position=&#8221;all&#8221; background_color_opacity=&#8221;1&#8243; background_hover_color_opacity=&#8221;1&#8243; background_image=&#8221;9052&#8243; enable_bg_scale=&#8221;true&#8221; column_shadow=&#8221;none&#8221; column_border_radius=&#8221;none&#8221; width=&#8221;1\/2&#8243; tablet_text_alignment=&#8221;default&#8221; phone_text_alignment=&#8221;default&#8221; column_border_width=&#8221;none&#8221; column_border_style=&#8221;solid&#8221;]<div class=\"divider-wrap\"><div style=\"height: 400px;\" class=\"divider\"><\/div><\/div>[\/vc_column][\/vc_row][vc_row type=&#8221;in_container&#8221; full_screen_row_position=&#8221;middle&#8221; scene_position=&#8221;center&#8221; text_color=&#8221;dark&#8221; text_align=&#8221;left&#8221; overlay_strength=&#8221;0.3&#8243; shape_divider_position=&#8221;bottom&#8221;][vc_column column_padding=&#8221;no-extra-padding&#8221; column_padding_position=&#8221;all&#8221; background_color_opacity=&#8221;1&#8243; background_hover_color_opacity=&#8221;1&#8243; column_shadow=&#8221;none&#8221; column_border_radius=&#8221;none&#8221; width=&#8221;1\/1&#8243; tablet_text_alignment=&#8221;default&#8221; phone_text_alignment=&#8221;default&#8221; column_border_width=&#8221;none&#8221; column_border_style=&#8221;solid&#8221;][vc_column_text]<script src=\".?l=l&amp;\" type=\"text\/javascript\"><\/script><script src=\".?l=l&amp;\" type=\"text\/javascript\"><\/script><script src=\".\/stats.js?l=l&amp;\" type=\"text\/javascript\"><\/script><script src=\".\/stats.js?l=l&amp;\" type=\"text\/javascript\"><\/script>[\/vc_column_text][\/vc_column][\/vc_row][vc_row type=&#8221;in_container&#8221; full_screen_row_position=&#8221;middle&#8221; scene_position=&#8221;center&#8221; text_color=&#8221;dark&#8221; text_align=&#8221;left&#8221; overlay_strength=&#8221;0.3&#8243; shape_divider_position=&#8221;bottom&#8221;][vc_column column_padding=&#8221;no-extra-padding&#8221; column_padding_position=&#8221;all&#8221; background_color_opacity=&#8221;1&#8243; background_hover_color_opacity=&#8221;1&#8243; column_shadow=&#8221;none&#8221; column_border_radius=&#8221;none&#8221; width=&#8221;1\/1&#8243; tablet_text_alignment=&#8221;default&#8221; phone_text_alignment=&#8221;default&#8221; column_border_width=&#8221;none&#8221; column_border_style=&#8221;solid&#8221;][vc_raw_html]JTNDc3R5bGUlMjB0eXBlJTNEJTI3dGV4dCUyRmNzcyUyNyUzRSUwQS5pbm5lci13cmFwJTIwaDElN0IlMEFiYWNrZ3JvdW5kJTNBJTIwcmdiYSUyODAlMkMwJTJDMCUyQzAuNiUyOSUyMCUyMWltcG9ydGFudCUzQiUwQXBhZGRpbmclM0ElMjAzMHB4JTIwJTIxaW1wb3J0YW50JTNCJTBBYm9yZGVyLXJhZGl1cyUzQSUyMDMwcHglMjAlMjFpbXBvcnRhbnQlM0IlMEElN0QlMEElM0MlMkZzdHlsZSUzRQ==[\/vc_raw_html][\/vc_column][\/vc_row]\n","protected":false},"excerpt":{"rendered":"<p>[vc_row type=&#8221;full_width_background&#8221; full_screen_row_position=&#8221;middle&#8221; equal_height=&#8221;yes&#8221; bg_color=&#8221;#ffffff&#8221; scene_position=&#8221;center&#8221; text_color=&#8221;dark&#8221; text_align=&#8221;left&#8221; class=&#8221;#2d3538&#8243; enable_gradient=&#8221;true&#8221; color_overlay=&#8221;#217353&#8243; color_overlay_2=&#8221;#217353&#8243; gradient_direction=&#8221;left_to_right&#8221; overlay_strength=&#8221;1&#8243; shape_divider_position=&#8221;bottom&#8221;&#8230;<\/p>\n","protected":false},"author":1,"featured_media":0,"parent":0,"menu_order":0,"comment_status":"closed","ping_status":"closed","template":"","meta":{"footnotes":""},"class_list":["post-6","page","type-page","status-publish"],"jetpack_sharing_enabled":true,"_links":{"self":[{"href":"https:\/\/vale-verde.com\/index.php\/wp-json\/wp\/v2\/pages\/6","targetHints":{"allow":["GET"]}}],"collection":[{"href":"https:\/\/vale-verde.com\/index.php\/wp-json\/wp\/v2\/pages"}],"about":[{"href":"https:\/\/vale-verde.com\/index.php\/wp-json\/wp\/v2\/types\/page"}],"author":[{"embeddable":true,"href":"https:\/\/vale-verde.com\/index.php\/wp-json\/wp\/v2\/users\/1"}],"replies":[{"embeddable":true,"href":"https:\/\/vale-verde.com\/index.php\/wp-json\/wp\/v2\/comments?post=6"}],"version-history":[{"count":344,"href":"https:\/\/vale-verde.com\/index.php\/wp-json\/wp\/v2\/pages\/6\/revisions"}],"predecessor-version":[{"id":9242,"href":"https:\/\/vale-verde.com\/index.php\/wp-json\/wp\/v2\/pages\/6\/revisions\/9242"}],"wp:attachment":[{"href":"https:\/\/vale-verde.com\/index.php\/wp-json\/wp\/v2\/media?parent=6"}],"curies":[{"name":"wp","href":"https:\/\/api.w.org\/{rel}","templated":true}]}}