{"id":6556,"date":"2018-10-21T12:36:02","date_gmt":"2018-10-21T15:36:02","guid":{"rendered":"https:\/\/vale-verde.com\/?page_id=6556"},"modified":"2026-03-10T15:50:41","modified_gmt":"2026-03-10T18:50:41","slug":"visao-geral","status":"publish","type":"page","link":"https:\/\/vale-verde.com\/index.php\/visao-geral\/","title":{"rendered":"VIS\u00c3O GERAL"},"content":{"rendered":"[vc_row type=&#8221;in_container&#8221; full_screen_row_position=&#8221;middle&#8221; scene_position=&#8221;center&#8221; text_color=&#8221;dark&#8221; text_align=&#8221;left&#8221; overlay_strength=&#8221;0.3&#8243; shape_divider_position=&#8221;bottom&#8221; shape_type=&#8221;&#8221;][vc_column column_padding=&#8221;no-extra-padding&#8221; column_padding_position=&#8221;all&#8221; background_color_opacity=&#8221;1&#8243; background_hover_color_opacity=&#8221;1&#8243; column_shadow=&#8221;none&#8221; column_border_radius=&#8221;none&#8221; width=&#8221;1\/1&#8243; tablet_text_alignment=&#8221;default&#8221; phone_text_alignment=&#8221;default&#8221; column_border_width=&#8221;none&#8221; column_border_style=&#8221;solid&#8221;]<div class=\"divider-wrap\"><div style=\"height: 90px;\" class=\"divider\"><\/div><\/div>\r\n    <div class=\"col span_12 section-title text-align-center extra-padding\">\r\n\t\t<h2>\n<h2 style=\"text-align: left;\">A MINERA\u00c7\u00c3O VALE VERDE<\/h2>\n<\/h2><\/div><div class=\"clear\"><\/div>[\/vc_column][\/vc_row][vc_row type=&#8221;in_container&#8221; full_screen_row_position=&#8221;middle&#8221; scene_position=&#8221;center&#8221; text_color=&#8221;dark&#8221; text_align=&#8221;left&#8221; overlay_strength=&#8221;0.3&#8243; shape_divider_position=&#8221;bottom&#8221;][vc_column column_padding=&#8221;no-extra-padding&#8221; column_padding_position=&#8221;all&#8221; background_color_opacity=&#8221;1&#8243; background_hover_color_opacity=&#8221;1&#8243; column_shadow=&#8221;none&#8221; column_border_radius=&#8221;none&#8221; width=&#8221;1\/3&#8243; tablet_text_alignment=&#8221;default&#8221; phone_text_alignment=&#8221;default&#8221; column_border_width=&#8221;none&#8221; column_border_style=&#8221;solid&#8221;][vc_column_text]A Minera\u00e7\u00e3o Vale Verde pertence ao grupo Baiyin Nonferrous, um dos maiores players globais no setor de metais n\u00e3o ferrosos. Estamos operando h\u00e1 4 anos, com o compromisso de minerar o futuro por meio do cobre, um metal essencial para a transi\u00e7\u00e3o energ\u00e9tica e para o desenvolvimento de tecnologias sustent\u00e1veis. Nosso empreendimento est\u00e1 localizado em Cra\u00edbas, no Agreste Alagoano, na divisa com Arapiraca. Desde o in\u00edcio das opera\u00e7\u00f5es, temos gerado empregos, movimentado a economia local e contribu\u00eddo para o desenvolvimento da regi\u00e3o. O Projeto Serrote \u00e9 um marco para a minera\u00e7\u00e3o no Brasil. Com capacidade instalada para produzir 20 mil toneladas de cobre contido por ano e cerca de 84,5 mil toneladas anuais de concentrado de cobre, a planta processa aproximadamente 4,1 milh\u00f5es de toneladas de min\u00e9rio por ano.[\/vc_column_text][\/vc_column][vc_column column_padding=&#8221;no-extra-padding&#8221; column_padding_position=&#8221;all&#8221; background_color_opacity=&#8221;1&#8243; background_hover_color_opacity=&#8221;1&#8243; column_shadow=&#8221;none&#8221; column_border_radius=&#8221;none&#8221; width=&#8221;1\/3&#8243; tablet_text_alignment=&#8221;default&#8221; phone_text_alignment=&#8221;default&#8221; column_border_width=&#8221;none&#8221; column_border_style=&#8221;solid&#8221;][vc_column_text]A vida \u00fatil inicial da mina \u00e9 estimada em 14 anos, podendo ser ampliada com novas pesquisas minerais. Desde 2021, j\u00e1 exportamos mais de 310 mil toneladas secas de concentrado de cobre para mercados da \u00c1sia e Europa. Al\u00e9m do impacto econ\u00f4mico, nosso papel \u00e9 estrat\u00e9gico para um mundo mais sustent\u00e1vel. O cobre \u00e9 indispens\u00e1vel para: Energia limpa: turbinas e\u00f3licas, pain\u00e9is solares e redes el\u00e9tricas inteligentes. Mobilidade el\u00e9trica: cada ve\u00edculo el\u00e9trico utiliza at\u00e9 80 kg de cobre. Infraestrutura de recarga e transmiss\u00e3o: cabos, transformadores e sistemas de armazenamento de energia dependem do metal para efici\u00eancia e seguran\u00e7a.[\/vc_column_text][\/vc_column][vc_column column_padding=&#8221;no-extra-padding&#8221; column_padding_position=&#8221;all&#8221; background_color_opacity=&#8221;1&#8243; background_hover_color_opacity=&#8221;1&#8243; column_shadow=&#8221;none&#8221; column_border_radius=&#8221;none&#8221; width=&#8221;1\/3&#8243; tablet_text_alignment=&#8221;default&#8221; phone_text_alignment=&#8221;default&#8221; column_border_width=&#8221;none&#8221; column_border_style=&#8221;solid&#8221;][vc_column_text]Segundo a Ag\u00eancia Internacional de Energia, 45% da demanda global de cobre at\u00e9 2040 vir\u00e1 da transi\u00e7\u00e3o energ\u00e9tica, impulsionada pela eletrifica\u00e7\u00e3o da economia e pela expans\u00e3o das energias renov\u00e1veis. Com pr\u00e1ticas alinhadas aos mais altos padr\u00f5es de seguran\u00e7a, responsabilidade social e sustentabilidade, seguimos firmes no prop\u00f3sito de minerar o futuro e contribuir para um planeta mais verde.[\/vc_column_text][\/vc_column][\/vc_row][vc_row type=&#8221;in_container&#8221; full_screen_row_position=&#8221;middle&#8221; scene_position=&#8221;center&#8221; text_color=&#8221;dark&#8221; text_align=&#8221;left&#8221; overlay_strength=&#8221;0.3&#8243; shape_divider_position=&#8221;bottom&#8221;][vc_column column_padding=&#8221;no-extra-padding&#8221; column_padding_position=&#8221;all&#8221; background_color_opacity=&#8221;1&#8243; background_hover_color_opacity=&#8221;1&#8243; column_shadow=&#8221;none&#8221; column_border_radius=&#8221;none&#8221; width=&#8221;1\/1&#8243; tablet_text_alignment=&#8221;default&#8221; phone_text_alignment=&#8221;default&#8221; column_border_width=&#8221;none&#8221; column_border_style=&#8221;solid&#8221;]\r\n    <div class=\"col span_12 section-title text-align-center extra-padding\">\r\n\t\t<h2>\n<h2 style=\"text-align: left;\">NOSSOS VALORES<\/h2>\n<\/h2><\/div><div class=\"clear\"><\/div>[\/vc_column][\/vc_row][vc_row type=&#8221;full_width_background&#8221; full_screen_row_position=&#8221;middle&#8221; equal_height=&#8221;yes&#8221; bg_color=&#8221;#ffffff&#8221; scene_position=&#8221;center&#8221; text_color=&#8221;dark&#8221; text_align=&#8221;left&#8221; top_padding=&#8221;10&#8243; bottom_padding=&#8221;10&#8243; class=&#8221;#2d3538&#8243; overlay_strength=&#8221;1&#8243; shape_divider_position=&#8221;bottom&#8221; shape_type=&#8221;&#8221;][vc_column enable_animation=&#8221;true&#8221; animation=&#8221;fade-in-from-left&#8221; boxed=&#8221;true&#8221; centered_text=&#8221;true&#8221; column_padding=&#8221;padding-1-percent&#8221; column_padding_position=&#8221;left-right&#8221; background_color_opacity=&#8221;1&#8243; background_hover_color_opacity=&#8221;1&#8243; column_shadow=&#8221;none&#8221; column_border_radius=&#8221;none&#8221; el_class=&#8221;yellow-gradient&#8221; width=&#8221;1\/2&#8243; tablet_text_alignment=&#8221;default&#8221; phone_text_alignment=&#8221;default&#8221; column_border_width=&#8221;none&#8221; column_border_style=&#8221;solid&#8221; delay=&#8221;4&#8243;]<div class=\"divider-wrap\"><div style=\"height: 40px;\" class=\"divider\"><\/div><\/div>[vc_column_text css=&#8221;.vc_custom_1721820945704{padding-bottom: 30px !important;}&#8221;]<img decoding=\"async\" src=\"https:\/\/img.icons8.com\/windows\/64\/000000\/security-checked.png\" \/><\/p>\n<h3 style=\"text-align: center;\"><span class=\"translate-watch\" data-original=\"SECURITY\" data-replacement=\"SAFETY\">SEGURAN\u00c7A<\/span><\/h3>\n[\/vc_column_text][\/vc_column][vc_column boxed=&#8221;true&#8221; centered_text=&#8221;true&#8221; column_padding=&#8221;padding-3-percent&#8221; column_padding_position=&#8221;all&#8221; background_color_opacity=&#8221;1&#8243; background_hover_color_opacity=&#8221;1&#8243; column_shadow=&#8221;none&#8221; column_border_radius=&#8221;none&#8221; el_class=&#8221;blue-gradient&#8221; width=&#8221;1\/2&#8243; tablet_text_alignment=&#8221;default&#8221; phone_text_alignment=&#8221;default&#8221; column_border_width=&#8221;none&#8221; column_border_style=&#8221;solid&#8221;][vc_column_text]\n<p style=\"text-align: left;\">\u2192 Primeiramente, sempre, o direito e a obriga\u00e7\u00e3o de voltar para casa em seguran\u00e7a;<\/p>\n[\/vc_column_text][\/vc_column][\/vc_row][vc_row type=&#8221;full_width_background&#8221; full_screen_row_position=&#8221;middle&#8221; equal_height=&#8221;yes&#8221; bg_color=&#8221;#ffffff&#8221; scene_position=&#8221;center&#8221; text_color=&#8221;dark&#8221; text_align=&#8221;left&#8221; top_padding=&#8221;10&#8243; bottom_padding=&#8221;10&#8243; class=&#8221;#2d3538&#8243; overlay_strength=&#8221;1&#8243; shape_divider_position=&#8221;bottom&#8221; shape_type=&#8221;&#8221;][vc_column enable_animation=&#8221;true&#8221; animation=&#8221;fade-in-from-left&#8221; boxed=&#8221;true&#8221; centered_text=&#8221;true&#8221; column_padding=&#8221;padding-1-percent&#8221; column_padding_position=&#8221;left-right&#8221; background_color_opacity=&#8221;1&#8243; background_hover_color_opacity=&#8221;1&#8243; font_color=&#8221;#ffffff&#8221; column_shadow=&#8221;none&#8221; column_border_radius=&#8221;none&#8221; el_class=&#8221;blue-gradient&#8221; width=&#8221;1\/2&#8243; tablet_text_alignment=&#8221;default&#8221; phone_text_alignment=&#8221;default&#8221; column_border_width=&#8221;none&#8221; column_border_style=&#8221;solid&#8221; delay=&#8221;4&#8243;]<div class=\"divider-wrap\"><div style=\"height: 70px;\" class=\"divider\"><\/div><\/div>[vc_column_text css=&#8221;.vc_custom_1578923517604{padding-bottom: 70px !important;}&#8221;]<img decoding=\"async\" src=\"https:\/\/vale-verde.com\/wp-content\/uploads\/2020\/01\/honesty2.png\" \/><\/p>\n<h3 style=\"text-align: center;\"><span style=\"color: #ffffff;\">INTEGRIDADE<\/span><\/h3>\n[\/vc_column_text][\/vc_column][vc_column boxed=&#8221;true&#8221; centered_text=&#8221;true&#8221; column_padding=&#8221;no-extra-padding&#8221; column_padding_position=&#8221;all&#8221; background_color_opacity=&#8221;1&#8243; background_hover_color_opacity=&#8221;1&#8243; column_shadow=&#8221;none&#8221; column_border_radius=&#8221;none&#8221; el_class=&#8221;yellow-gradient&#8221; width=&#8221;1\/2&#8243; tablet_text_alignment=&#8221;default&#8221; phone_text_alignment=&#8221;default&#8221; column_border_width=&#8221;none&#8221; column_border_style=&#8221;solid&#8221;][vc_column_text]\n<p style=\"text-align: left;\">\u2192\u00a0N\u00f3s constru\u00edmos confian\u00e7a sendo honestos e disciplinados; aderimos \u00e0s regras e aos princ\u00edpios \u00e9ticos; e cumprimos as nossas promessas pontualmente;<\/p>\n<p style=\"text-align: left;\">\u2192 N\u00f3s somos relevantes, confi\u00e1veis e abertos na forma em que comunicamos;<\/p>\n[\/vc_column_text][\/vc_column][\/vc_row][vc_row type=&#8221;full_width_background&#8221; full_screen_row_position=&#8221;middle&#8221; equal_height=&#8221;yes&#8221; bg_color=&#8221;#ffffff&#8221; scene_position=&#8221;center&#8221; text_color=&#8221;dark&#8221; text_align=&#8221;left&#8221; top_padding=&#8221;10&#8243; bottom_padding=&#8221;10&#8243; class=&#8221;#2d3538&#8243; overlay_strength=&#8221;1&#8243; shape_divider_position=&#8221;bottom&#8221; shape_type=&#8221;&#8221;][vc_column enable_animation=&#8221;true&#8221; animation=&#8221;fade-in-from-left&#8221; boxed=&#8221;true&#8221; centered_text=&#8221;true&#8221; column_padding=&#8221;padding-1-percent&#8221; column_padding_position=&#8221;left-right&#8221; background_color_opacity=&#8221;1&#8243; background_hover_color_opacity=&#8221;1&#8243; column_shadow=&#8221;none&#8221; column_border_radius=&#8221;none&#8221; el_class=&#8221;yellow-gradient&#8221; width=&#8221;1\/2&#8243; tablet_text_alignment=&#8221;default&#8221; phone_text_alignment=&#8221;default&#8221; column_border_width=&#8221;none&#8221; column_border_style=&#8221;solid&#8221; delay=&#8221;4&#8243;]<div class=\"divider-wrap\"><div style=\"height: 95px;\" class=\"divider\"><\/div><\/div>[vc_column_text css=&#8221;.vc_custom_1578921715578{padding-bottom: 90px !important;}&#8221;]<img decoding=\"async\" src=\"https:\/\/img.icons8.com\/windows\/64\/000000\/group-foreground-selected.png\" \/><\/p>\n<h3 style=\"text-align: center;\">COLABORA\u00c7\u00c3O<\/h3>\n[\/vc_column_text][\/vc_column][vc_column boxed=&#8221;true&#8221; centered_text=&#8221;true&#8221; column_padding=&#8221;padding-3-percent&#8221; column_padding_position=&#8221;all&#8221; background_color_opacity=&#8221;1&#8243; background_hover_color_opacity=&#8221;1&#8243; column_shadow=&#8221;none&#8221; column_border_radius=&#8221;none&#8221; el_class=&#8221;blue-gradient&#8221; width=&#8221;1\/2&#8243; tablet_text_alignment=&#8221;default&#8221; phone_text_alignment=&#8221;default&#8221; column_border_width=&#8221;none&#8221; column_border_style=&#8221;solid&#8221;][vc_column_text]\n<p style=\"text-align: left;\">\u2192 N\u00f3s dividimos o compromisso de manter as nossas opera\u00e7\u00f5es seguras, fazer o neg\u00f3cio ser bem-sucedido e ajudar cada um de n\u00f3s a crescer;<\/p>\n<p style=\"text-align: left;\">\u2192 N\u00f3s balanceamos nossa expertise t\u00e9cnica, financeira e operacional e conectamos com todo o grupo Baiyin efetivamente para potencializar a nossa performance;<\/p>\n[\/vc_column_text][\/vc_column][\/vc_row][vc_row type=&#8221;full_width_background&#8221; full_screen_row_position=&#8221;middle&#8221; equal_height=&#8221;yes&#8221; bg_color=&#8221;#ffffff&#8221; scene_position=&#8221;center&#8221; text_color=&#8221;dark&#8221; text_align=&#8221;left&#8221; top_padding=&#8221;10&#8243; bottom_padding=&#8221;10&#8243; class=&#8221;#2d3538&#8243; overlay_strength=&#8221;1&#8243; shape_divider_position=&#8221;bottom&#8221; shape_type=&#8221;&#8221;][vc_column enable_animation=&#8221;true&#8221; animation=&#8221;fade-in-from-left&#8221; boxed=&#8221;true&#8221; centered_text=&#8221;true&#8221; column_padding=&#8221;padding-1-percent&#8221; column_padding_position=&#8221;left-right&#8221; background_color_opacity=&#8221;1&#8243; background_hover_color_opacity=&#8221;1&#8243; font_color=&#8221;#ffffff&#8221; column_shadow=&#8221;none&#8221; column_border_radius=&#8221;none&#8221; el_class=&#8221;blue-gradient&#8221; width=&#8221;1\/2&#8243; tablet_text_alignment=&#8221;default&#8221; phone_text_alignment=&#8221;default&#8221; column_border_width=&#8221;none&#8221; column_border_style=&#8221;solid&#8221; delay=&#8221;4&#8243;]<div class=\"divider-wrap\"><div style=\"height: 95px;\" class=\"divider\"><\/div><\/div>[vc_column_text css=&#8221;.vc_custom_1576598160311{padding-bottom: 105px !important;}&#8221;]<img decoding=\"async\" src=\"https:\/\/vale-verde.com\/wp-content\/uploads\/2019\/12\/icons8-miss\u00e3o-de-uma-empresa-64.png\" \/><\/p>\n<h3 style=\"text-align: center;\"><span style=\"color: #ffffff;\">REALIZA\u00c7\u00c3O<\/span><\/h3>\n[\/vc_column_text][\/vc_column][vc_column boxed=&#8221;true&#8221; centered_text=&#8221;true&#8221; column_padding=&#8221;no-extra-padding&#8221; column_padding_position=&#8221;all&#8221; background_color_opacity=&#8221;1&#8243; background_hover_color_opacity=&#8221;1&#8243; column_shadow=&#8221;none&#8221; column_border_radius=&#8221;none&#8221; el_class=&#8221;yellow-gradient&#8221; width=&#8221;1\/2&#8243; tablet_text_alignment=&#8221;default&#8221; phone_text_alignment=&#8221;default&#8221; column_border_width=&#8221;none&#8221; column_border_style=&#8221;solid&#8221;][vc_column_text]\n<p style=\"text-align: left;\">\u2192 N\u00f3s aprendemos e continuamente melhoramos como iremos adicionar valor ao nosso time, ao nosso neg\u00f3cio e \u00e0s nossas comunidades;<\/p>\n<p style=\"text-align: left;\">\u2192 N\u00f3s prestamos aten\u00e7\u00e3o aos detalhes e buscamos excel\u00eancia para assim podermos ser os melhores em nosso campo e promover pr\u00e1ticas seguras e compat\u00edveis com o meio ambiente;<\/p>\n[\/vc_column_text][\/vc_column][\/vc_row][vc_row type=&#8221;full_width_background&#8221; full_screen_row_position=&#8221;middle&#8221; equal_height=&#8221;yes&#8221; bg_color=&#8221;#ffffff&#8221; scene_position=&#8221;center&#8221; text_color=&#8221;dark&#8221; text_align=&#8221;left&#8221; top_padding=&#8221;10&#8243; bottom_padding=&#8221;10&#8243; class=&#8221;#2d3538&#8243; overlay_strength=&#8221;1&#8243; shape_divider_position=&#8221;bottom&#8221; shape_type=&#8221;&#8221;][vc_column enable_animation=&#8221;true&#8221; animation=&#8221;fade-in-from-left&#8221; boxed=&#8221;true&#8221; centered_text=&#8221;true&#8221; column_padding=&#8221;padding-1-percent&#8221; column_padding_position=&#8221;left-right&#8221; background_color_opacity=&#8221;1&#8243; background_hover_color_opacity=&#8221;1&#8243; column_shadow=&#8221;none&#8221; column_border_radius=&#8221;none&#8221; el_class=&#8221;yellow-gradient&#8221; width=&#8221;1\/2&#8243; tablet_text_alignment=&#8221;default&#8221; phone_text_alignment=&#8221;default&#8221; column_border_width=&#8221;none&#8221; column_border_style=&#8221;solid&#8221; delay=&#8221;4&#8243;]<div class=\"divider-wrap\"><div style=\"height: 95px;\" class=\"divider\"><\/div><\/div>[vc_column_text css=&#8221;.vc_custom_1578920958441{padding-right: 15px !important;padding-bottom: 120px !important;}&#8221;]<img decoding=\"async\" src=\"https:\/\/img.icons8.com\/windows\/64\/000000\/profitable-idea.png\" \/><\/p>\n<h3 style=\"text-align: center;\">EMPREENDEDORISMO<\/h3>\n[\/vc_column_text][\/vc_column][vc_column boxed=&#8221;true&#8221; centered_text=&#8221;true&#8221; column_padding=&#8221;padding-3-percent&#8221; column_padding_position=&#8221;all&#8221; background_color_opacity=&#8221;1&#8243; background_hover_color_opacity=&#8221;1&#8243; column_shadow=&#8221;none&#8221; column_border_radius=&#8221;none&#8221; el_class=&#8221;blue-gradient&#8221; width=&#8221;1\/2&#8243; tablet_text_alignment=&#8221;default&#8221; phone_text_alignment=&#8221;default&#8221; column_border_width=&#8221;none&#8221; column_border_style=&#8221;solid&#8221;][vc_column_text]\n<p style=\"text-align: left;\">\u2192 N\u00f3s temos vis\u00e3o de futuro, somos responsivos, habilidosos e inovadores na forma em que implementamos melhorias operacionais;<\/p>\n<p style=\"text-align: left;\">\u2192 N\u00f3s somos diligentes e perspicazes em nossas opera\u00e7\u00f5es para assegurar que sejamos seguros e eficientes tanto quanto poss\u00edvel;<\/p>\n[\/vc_column_text][\/vc_column][\/vc_row][vc_row type=&#8221;in_container&#8221; full_screen_row_position=&#8221;middle&#8221; scene_position=&#8221;center&#8221; text_color=&#8221;dark&#8221; text_align=&#8221;left&#8221; overlay_strength=&#8221;0.3&#8243; shape_divider_position=&#8221;bottom&#8221;][vc_column column_padding=&#8221;no-extra-padding&#8221; column_padding_position=&#8221;all&#8221; background_color_opacity=&#8221;1&#8243; background_hover_color_opacity=&#8221;1&#8243; column_shadow=&#8221;none&#8221; column_border_radius=&#8221;none&#8221; width=&#8221;1\/1&#8243; tablet_text_alignment=&#8221;default&#8221; phone_text_alignment=&#8221;default&#8221; column_border_width=&#8221;none&#8221; column_border_style=&#8221;solid&#8221;]<div class=\"divider-wrap\"><div style=\"height: 30px;\" class=\"divider\"><\/div><\/div>\r\n    <div class=\"col span_12 section-title text-align-center extra-padding\">\r\n\t\t<h2>\n<h2 style=\"text-align: left;\">NOSSA MISS\u00c3O<\/h2>\n<\/h2><\/div><div class=\"clear\"><\/div>[\/vc_column][\/vc_row][vc_row type=&#8221;in_container&#8221; full_screen_row_position=&#8221;middle&#8221; scene_position=&#8221;center&#8221; text_color=&#8221;dark&#8221; text_align=&#8221;left&#8221; overlay_strength=&#8221;0.3&#8243; shape_divider_position=&#8221;bottom&#8221;][vc_column column_padding=&#8221;no-extra-padding&#8221; column_padding_position=&#8221;all&#8221; background_color_opacity=&#8221;1&#8243; background_hover_color_opacity=&#8221;1&#8243; column_shadow=&#8221;none&#8221; column_border_radius=&#8221;none&#8221; width=&#8221;1\/1&#8243; tablet_text_alignment=&#8221;default&#8221; phone_text_alignment=&#8221;default&#8221; column_border_width=&#8221;none&#8221; column_border_style=&#8221;solid&#8221;][vc_column_text]Promover o desenvolvimento humano e tecnol\u00f3gico por meio da extra\u00e7\u00e3o de recursos\u00a0naturais com responsabilidade e \u00e9tica, agregando valor para os clientes e acionistas.[\/vc_column_text][vc_column_text][\/vc_column_text][\/vc_column][\/vc_row][vc_row type=&#8221;in_container&#8221; full_screen_row_position=&#8221;middle&#8221; scene_position=&#8221;center&#8221; text_color=&#8221;dark&#8221; text_align=&#8221;left&#8221; overlay_strength=&#8221;0.3&#8243; shape_divider_position=&#8221;bottom&#8221; shape_type=&#8221;&#8221;][vc_column column_padding=&#8221;no-extra-padding&#8221; column_padding_position=&#8221;all&#8221; background_color_opacity=&#8221;1&#8243; background_hover_color_opacity=&#8221;1&#8243; column_shadow=&#8221;none&#8221; column_border_radius=&#8221;none&#8221; width=&#8221;1\/1&#8243; tablet_text_alignment=&#8221;default&#8221; phone_text_alignment=&#8221;default&#8221; column_border_width=&#8221;none&#8221; column_border_style=&#8221;solid&#8221;]<div class=\"divider-wrap\"><div style=\"height: 20px;\" class=\"divider\"><\/div><\/div>\r\n    <div class=\"col span_12 section-title text-align-center extra-padding\">\r\n\t\t<h2>\n<h2 style=\"text-align: left;\">NOSSA VIS\u00c3O<\/h2>\n<\/h2><\/div><div class=\"clear\"><\/div>[\/vc_column][\/vc_row][vc_row type=&#8221;in_container&#8221; full_screen_row_position=&#8221;middle&#8221; scene_position=&#8221;center&#8221; text_color=&#8221;dark&#8221; text_align=&#8221;left&#8221; overlay_strength=&#8221;0.3&#8243; shape_divider_position=&#8221;bottom&#8221;][vc_column column_padding=&#8221;no-extra-padding&#8221; column_padding_position=&#8221;all&#8221; background_color_opacity=&#8221;1&#8243; background_hover_color_opacity=&#8221;1&#8243; column_shadow=&#8221;none&#8221; column_border_radius=&#8221;none&#8221; width=&#8221;1\/1&#8243; tablet_text_alignment=&#8221;default&#8221; phone_text_alignment=&#8221;default&#8221; column_border_width=&#8221;none&#8221; column_border_style=&#8221;solid&#8221;][vc_column_text]Ser a primeira mina de metais b\u00e1sicos em opera\u00e7\u00e3o no estado de Alagoas, atuando de forma reconhecidamente eficiente no cen\u00e1rio nacional.[\/vc_column_text][vc_column_text][\/vc_column_text][\/vc_column][\/vc_row][vc_row type=&#8221;in_container&#8221; full_screen_row_position=&#8221;middle&#8221; scene_position=&#8221;center&#8221; text_color=&#8221;dark&#8221; text_align=&#8221;left&#8221; overlay_strength=&#8221;0.3&#8243; shape_divider_position=&#8221;bottom&#8221;][vc_column column_padding=&#8221;no-extra-padding&#8221; column_padding_position=&#8221;all&#8221; background_color_opacity=&#8221;1&#8243; background_hover_color_opacity=&#8221;1&#8243; column_shadow=&#8221;none&#8221; column_border_radius=&#8221;none&#8221; width=&#8221;1\/1&#8243; tablet_text_alignment=&#8221;default&#8221; phone_text_alignment=&#8221;default&#8221; column_border_width=&#8221;none&#8221; column_border_style=&#8221;solid&#8221;][vc_column_text][\/vc_column_text][\/vc_column][\/vc_row]\n","protected":false},"excerpt":{"rendered":"<p>[vc_row type=&#8221;in_container&#8221; full_screen_row_position=&#8221;middle&#8221; scene_position=&#8221;center&#8221; text_color=&#8221;dark&#8221; text_align=&#8221;left&#8221; overlay_strength=&#8221;0.3&#8243; shape_divider_position=&#8221;bottom&#8221; shape_type=&#8221;&#8221;][vc_column column_padding=&#8221;no-extra-padding&#8221; column_padding_position=&#8221;all&#8221; background_color_opacity=&#8221;1&#8243; background_hover_color_opacity=&#8221;1&#8243; column_shadow=&#8221;none&#8221; column_border_radius=&#8221;none&#8221;&#8230;<\/p>\n","protected":false},"author":1,"featured_media":0,"parent":0,"menu_order":0,"comment_status":"closed","ping_status":"closed","template":"","meta":{"footnotes":""},"class_list":["post-6556","page","type-page","status-publish"],"jetpack_sharing_enabled":true,"_links":{"self":[{"href":"https:\/\/vale-verde.com\/index.php\/wp-json\/wp\/v2\/pages\/6556","targetHints":{"allow":["GET"]}}],"collection":[{"href":"https:\/\/vale-verde.com\/index.php\/wp-json\/wp\/v2\/pages"}],"about":[{"href":"https:\/\/vale-verde.com\/index.php\/wp-json\/wp\/v2\/types\/page"}],"author":[{"embeddable":true,"href":"https:\/\/vale-verde.com\/index.php\/wp-json\/wp\/v2\/users\/1"}],"replies":[{"embeddable":true,"href":"https:\/\/vale-verde.com\/index.php\/wp-json\/wp\/v2\/comments?post=6556"}],"version-history":[{"count":130,"href":"https:\/\/vale-verde.com\/index.php\/wp-json\/wp\/v2\/pages\/6556\/revisions"}],"predecessor-version":[{"id":9215,"href":"https:\/\/vale-verde.com\/index.php\/wp-json\/wp\/v2\/pages\/6556\/revisions\/9215"}],"wp:attachment":[{"href":"https:\/\/vale-verde.com\/index.php\/wp-json\/wp\/v2\/media?parent=6556"}],"curies":[{"name":"wp","href":"https:\/\/api.w.org\/{rel}","templated":true}]}}