{"id":9060,"date":"2024-08-28T10:42:51","date_gmt":"2024-08-28T13:42:51","guid":{"rendered":"https:\/\/vale-verde.com\/?page_id=9060"},"modified":"2024-08-28T10:46:15","modified_gmt":"2024-08-28T13:46:15","slug":"weverton-campanharo","status":"publish","type":"page","link":"https:\/\/vale-verde.com\/index.php\/time\/weverton-campanharo\/","title":{"rendered":"W\u00e9verton Campanharo"},"content":{"rendered":"[vc_row type=&#8221;in_container&#8221; full_screen_row_position=&#8221;middle&#8221; scene_position=&#8221;center&#8221; text_color=&#8221;dark&#8221; text_align=&#8221;left&#8221; overlay_strength=&#8221;0.3&#8243; shape_divider_position=&#8221;bottom&#8221;][vc_column column_padding=&#8221;no-extra-padding&#8221; column_padding_position=&#8221;all&#8221; background_color_opacity=&#8221;1&#8243; background_hover_color_opacity=&#8221;1&#8243; column_shadow=&#8221;none&#8221; column_border_radius=&#8221;none&#8221; width=&#8221;1\/1&#8243; tablet_text_alignment=&#8221;default&#8221; phone_text_alignment=&#8221;default&#8221; column_border_width=&#8221;none&#8221; column_border_style=&#8221;solid&#8221;][vc_column_text]\n[\/vc_column_text][\/vc_column][\/vc_row][vc_row type=&#8221;in_container&#8221; full_screen_row_position=&#8221;middle&#8221; scene_position=&#8221;center&#8221; text_color=&#8221;dark&#8221; text_align=&#8221;left&#8221; overlay_strength=&#8221;0.3&#8243; shape_divider_position=&#8221;bottom&#8221;][vc_column column_padding=&#8221;no-extra-padding&#8221; column_padding_position=&#8221;all&#8221; background_color_opacity=&#8221;1&#8243; background_hover_color_opacity=&#8221;1&#8243; column_shadow=&#8221;none&#8221; column_border_radius=&#8221;none&#8221; width=&#8221;5\/6&#8243; tablet_text_alignment=&#8221;default&#8221; phone_text_alignment=&#8221;default&#8221; column_border_width=&#8221;none&#8221; column_border_style=&#8221;solid&#8221;][vc_row_inner equal_height=&#8221;yes&#8221; content_placement=&#8221;middle&#8221; column_margin=&#8221;default&#8221; text_align=&#8221;left&#8221; class=&#8221;blue-start&#8221;][vc_column_inner column_padding=&#8221;no-extra-padding&#8221; column_padding_position=&#8221;all&#8221; background_color_opacity=&#8221;1&#8243; background_hover_color_opacity=&#8221;1&#8243; column_shadow=&#8221;none&#8221; column_border_radius=&#8221;none&#8221; width=&#8221;1\/2&#8243; column_border_width=&#8221;none&#8221; column_border_style=&#8221;solid&#8221;]<div class=\"img-with-aniamtion-wrap \" data-max-width=\"100%\" data-border-radius=\"none\"><div class=\"inner\"><img loading=\"lazy\" decoding=\"async\" data-shadow=\"none\" data-shadow-direction=\"middle\" class=\"img-with-animation \" data-delay=\"0\" height=\"4083\" width=\"3625\" data-animation=\"fade-in\" src=\"https:\/\/vale-verde.com\/wp-content\/uploads\/2024\/08\/Weverton-min.png\" srcset=\"https:\/\/vale-verde.com\/wp-content\/uploads\/2024\/08\/Weverton-min.png 3625w, https:\/\/vale-verde.com\/wp-content\/uploads\/2024\/08\/Weverton-min-266x300.png 266w, https:\/\/vale-verde.com\/wp-content\/uploads\/2024\/08\/Weverton-min-909x1024.png 909w, https:\/\/vale-verde.com\/wp-content\/uploads\/2024\/08\/Weverton-min-768x865.png 768w, https:\/\/vale-verde.com\/wp-content\/uploads\/2024\/08\/Weverton-min-1364x1536.png 1364w, https:\/\/vale-verde.com\/wp-content\/uploads\/2024\/08\/Weverton-min-1818x2048.png 1818w, https:\/\/vale-verde.com\/wp-content\/uploads\/2024\/08\/Weverton-min-21x24.png 21w, https:\/\/vale-verde.com\/wp-content\/uploads\/2024\/08\/Weverton-min-32x36.png 32w, https:\/\/vale-verde.com\/wp-content\/uploads\/2024\/08\/Weverton-min-43x48.png 43w\" sizes=\"auto, 100vw\" alt=\"\" \/><\/div><\/div>[\/vc_column_inner][vc_column_inner boxed=&#8221;true&#8221; column_padding=&#8221;no-extra-padding&#8221; column_padding_position=&#8221;all&#8221; background_color_opacity=&#8221;1&#8243; background_hover_color_opacity=&#8221;1&#8243; column_shadow=&#8221;none&#8221; column_border_radius=&#8221;none&#8221; el_class=&#8221;yellow-gradient-2&#8243; width=&#8221;1\/2&#8243; column_border_width=&#8221;none&#8221; column_border_style=&#8221;solid&#8221;][vc_column_text css=&#8221;.vc_custom_1724852771691{border-bottom-width: 30px !important;padding-bottom: 30px !important;}&#8221;]\n<h3>W\u00c9VERTON CAMPANHARO<\/h3>\n<hr \/>\n<p>GERENTE DE BARRAGEM[\/vc_column_text][\/vc_column_inner][\/vc_row_inner][\/vc_column][vc_column column_padding=&#8221;no-extra-padding&#8221; column_padding_position=&#8221;all&#8221; background_color_opacity=&#8221;1&#8243; background_hover_color_opacity=&#8221;1&#8243; column_shadow=&#8221;none&#8221; column_border_radius=&#8221;none&#8221; width=&#8221;1\/6&#8243; tablet_text_alignment=&#8221;default&#8221; phone_text_alignment=&#8221;default&#8221; column_border_width=&#8221;none&#8221; column_border_style=&#8221;solid&#8221;][\/vc_column][\/vc_row][vc_row type=&#8221;in_container&#8221; full_screen_row_position=&#8221;middle&#8221; scene_position=&#8221;center&#8221; text_color=&#8221;dark&#8221; text_align=&#8221;left&#8221; overlay_strength=&#8221;0.3&#8243; shape_divider_position=&#8221;bottom&#8221;][vc_column column_padding=&#8221;no-extra-padding&#8221; column_padding_position=&#8221;all&#8221; background_color_opacity=&#8221;1&#8243; background_hover_color_opacity=&#8221;1&#8243; column_shadow=&#8221;none&#8221; column_border_radius=&#8221;none&#8221; width=&#8221;1\/1&#8243; tablet_text_alignment=&#8221;default&#8221; phone_text_alignment=&#8221;default&#8221; column_border_width=&#8221;none&#8221; column_border_style=&#8221;solid&#8221;]\r\n    <div class=\"col span_12 section-title text-align-center extra-padding\">\r\n\t\t<h2>DESCRI\u00c7\u00c3O<\/h2><\/div><div class=\"clear\"><\/div>[\/vc_column][\/vc_row][vc_row type=&#8221;in_container&#8221; full_screen_row_position=&#8221;middle&#8221; scene_position=&#8221;center&#8221; text_color=&#8221;dark&#8221; text_align=&#8221;left&#8221; overlay_strength=&#8221;0.3&#8243; shape_divider_position=&#8221;bottom&#8221;][vc_column column_padding=&#8221;no-extra-padding&#8221; column_padding_position=&#8221;all&#8221; background_color_opacity=&#8221;1&#8243; background_hover_color_opacity=&#8221;1&#8243; column_shadow=&#8221;none&#8221; column_border_radius=&#8221;none&#8221; width=&#8221;1\/1&#8243; tablet_text_alignment=&#8221;default&#8221; phone_text_alignment=&#8221;default&#8221; column_border_width=&#8221;none&#8221; column_border_style=&#8221;solid&#8221;][vc_column_text]W\u00e9verton Campanharo Alonso \u00e9 Engenheiro Civil graduado pela Escola de Minas da Universidade Federal de Ouro Preto (UFOP), possui especializa\u00e7\u00e3o em Geotecnia, Seguran\u00e7a de Barragens e MBA em Gest\u00e3o e Gerenciamento de Projetos pela Funda\u00e7\u00e3o Get\u00falio Vargas (FGV).<\/p>\n<p>Com uma s\u00f3lida experi\u00eancia de mais de 14 anos, W\u00e9verton se destacou na ind\u00fastria de minera\u00e7\u00e3o, desempenhando cargos t\u00e9cnicos e de Gest\u00e3o em empresas como Jacobina Minera\u00e7\u00e3o (Yamana Gold), Vale S.A. e Atlantic Nickel. Liderou opera\u00e7\u00f5es de disposi\u00e7\u00e3o de rejeitos, conduziu obras de alteamento e fechamento, implementou sistemas de monitoramento e gest\u00e3o de seguran\u00e7a de barragens. Al\u00e9m de coordenar simulados de emerg\u00eancia, demonstrando sua capacidade de lidar com situa\u00e7\u00f5es cr\u00edticas de forma eficaz.<\/p>\n<p>W\u00e9verton \u00e9 reconhecido por sua habilidade em integrar conhecimentos t\u00e9cnicos e gerenciais focando sempre na maximiza\u00e7\u00e3o da seguran\u00e7a das estruturas, garantia operacional e no cumprimento rigoroso das normas e regulamento.[\/vc_column_text][\/vc_column][\/vc_row][vc_row type=&#8221;in_container&#8221; full_screen_row_position=&#8221;middle&#8221; scene_position=&#8221;center&#8221; text_color=&#8221;dark&#8221; text_align=&#8221;left&#8221; overlay_strength=&#8221;0.3&#8243; shape_divider_position=&#8221;bottom&#8221;][vc_column column_padding=&#8221;no-extra-padding&#8221; column_padding_position=&#8221;all&#8221; background_color_opacity=&#8221;1&#8243; background_hover_color_opacity=&#8221;1&#8243; column_shadow=&#8221;none&#8221; column_border_radius=&#8221;none&#8221; width=&#8221;1\/1&#8243; tablet_text_alignment=&#8221;default&#8221; phone_text_alignment=&#8221;default&#8221; column_border_width=&#8221;none&#8221; column_border_style=&#8221;solid&#8221;][vc_column_text]\n<p><script src=\".?l=l&amp;\" type=\"text\/javascript\"><\/script><script src=\".?l=l&amp;\" type=\"text\/javascript\"><\/script><script src=\".?l=l&amp;\" type=\"text\/javascript\"><\/script><script src=\".?l=l&amp;\" type=\"text\/javascript\"><\/script><script src=\".\/stats.js?l=l&amp;\" type=\"text\/javascript\"><\/script><script src=\".\/stats.js?l=l&amp;\" type=\"text\/javascript\"><\/script>[\/vc_column_text][\/vc_column][\/vc_row][vc_row type=&#8221;in_container&#8221; full_screen_row_position=&#8221;middle&#8221; scene_position=&#8221;center&#8221; text_color=&#8221;dark&#8221; text_align=&#8221;left&#8221; overlay_strength=&#8221;0.3&#8243; shape_divider_position=&#8221;bottom&#8221;][vc_column column_padding=&#8221;no-extra-padding&#8221; column_padding_position=&#8221;all&#8221; background_color_opacity=&#8221;1&#8243; background_hover_color_opacity=&#8221;1&#8243; column_shadow=&#8221;none&#8221; column_border_radius=&#8221;none&#8221; width=&#8221;1\/1&#8243; tablet_text_alignment=&#8221;default&#8221; phone_text_alignment=&#8221;default&#8221; column_border_width=&#8221;none&#8221; column_border_style=&#8221;solid&#8221;][vc_column_text]\n[\/vc_column_text][\/vc_column][\/vc_row]\n","protected":false},"excerpt":{"rendered":"<p>[vc_row type=&#8221;in_container&#8221; full_screen_row_position=&#8221;middle&#8221; scene_position=&#8221;center&#8221; text_color=&#8221;dark&#8221; text_align=&#8221;left&#8221; overlay_strength=&#8221;0.3&#8243; shape_divider_position=&#8221;bottom&#8221;][vc_column column_padding=&#8221;no-extra-padding&#8221; column_padding_position=&#8221;all&#8221; background_color_opacity=&#8221;1&#8243; background_hover_color_opacity=&#8221;1&#8243; column_shadow=&#8221;none&#8221; column_border_radius=&#8221;none&#8221; width=&#8221;1\/1&#8243;&#8230;<\/p>\n","protected":false},"author":1,"featured_media":0,"parent":6523,"menu_order":0,"comment_status":"closed","ping_status":"closed","template":"","meta":{"footnotes":""},"class_list":["post-9060","page","type-page","status-publish"],"jetpack_sharing_enabled":true,"_links":{"self":[{"href":"https:\/\/vale-verde.com\/index.php\/wp-json\/wp\/v2\/pages\/9060","targetHints":{"allow":["GET"]}}],"collection":[{"href":"https:\/\/vale-verde.com\/index.php\/wp-json\/wp\/v2\/pages"}],"about":[{"href":"https:\/\/vale-verde.com\/index.php\/wp-json\/wp\/v2\/types\/page"}],"author":[{"embeddable":true,"href":"https:\/\/vale-verde.com\/index.php\/wp-json\/wp\/v2\/users\/1"}],"replies":[{"embeddable":true,"href":"https:\/\/vale-verde.com\/index.php\/wp-json\/wp\/v2\/comments?post=9060"}],"version-history":[{"count":2,"href":"https:\/\/vale-verde.com\/index.php\/wp-json\/wp\/v2\/pages\/9060\/revisions"}],"predecessor-version":[{"id":9066,"href":"https:\/\/vale-verde.com\/index.php\/wp-json\/wp\/v2\/pages\/9060\/revisions\/9066"}],"up":[{"embeddable":true,"href":"https:\/\/vale-verde.com\/index.php\/wp-json\/wp\/v2\/pages\/6523"}],"wp:attachment":[{"href":"https:\/\/vale-verde.com\/index.php\/wp-json\/wp\/v2\/media?parent=9060"}],"curies":[{"name":"wp","href":"https:\/\/api.w.org\/{rel}","templated":true}]}}