{"id":9081,"date":"2024-09-02T10:58:58","date_gmt":"2024-09-02T13:58:58","guid":{"rendered":"https:\/\/vale-verde.com\/?page_id=9081"},"modified":"2026-04-01T12:32:25","modified_gmt":"2026-04-01T15:32:25","slug":"edital-projeto-social","status":"publish","type":"page","link":"https:\/\/vale-verde.com\/index.php\/edital-projeto-social\/","title":{"rendered":"Edital Projeto Social"},"content":{"rendered":"[vc_row type=&#8221;in_container&#8221; full_screen_row_position=&#8221;middle&#8221; scene_position=&#8221;center&#8221; text_color=&#8221;dark&#8221; text_align=&#8221;left&#8221; overlay_strength=&#8221;0.3&#8243; shape_divider_position=&#8221;bottom&#8221;][vc_column column_padding=&#8221;no-extra-padding&#8221; column_padding_position=&#8221;all&#8221; background_color_opacity=&#8221;1&#8243; background_hover_color_opacity=&#8221;1&#8243; column_shadow=&#8221;none&#8221; column_border_radius=&#8221;none&#8221; width=&#8221;1\/1&#8243; tablet_text_alignment=&#8221;default&#8221; phone_text_alignment=&#8221;default&#8221; column_border_width=&#8221;none&#8221; column_border_style=&#8221;solid&#8221;]<div class=\"divider-wrap\"><div style=\"height: 30px;\" class=\"divider\"><\/div><\/div>\r\n    <div class=\"col span_12 section-title text-align-center extra-padding\">\r\n\t\t<h2><strong>5\u00ba EDITAL DE PATROC\u00cdNIO A PROJETOS SOCIAIS<\/strong><\/h2><\/div><div class=\"clear\"><\/div>[vc_column_text]Exclusivo para projetos das cidades de Cra\u00edbas e Arapiraca, no Agreste alagoano, o presente edital est\u00e1 com inscri\u00e7\u00f5es abertas de 27\/03 a 27\/04\/2026, at\u00e9 as 23h59.<\/p>\n<p>Clique no bot\u00e3o abaixo para visualizar o documento na \u00edntegra:[\/vc_column_text][\/vc_column][\/vc_row][vc_row type=&#8221;in_container&#8221; full_screen_row_position=&#8221;middle&#8221; scene_position=&#8221;center&#8221; text_color=&#8221;dark&#8221; text_align=&#8221;left&#8221; overlay_strength=&#8221;0.3&#8243; shape_divider_position=&#8221;bottom&#8221;][vc_column column_padding=&#8221;no-extra-padding&#8221; column_padding_position=&#8221;all&#8221; background_color_opacity=&#8221;1&#8243; background_hover_color_opacity=&#8221;1&#8243; column_shadow=&#8221;none&#8221; column_border_radius=&#8221;none&#8221; width=&#8221;1\/2&#8243; tablet_text_alignment=&#8221;default&#8221; phone_text_alignment=&#8221;default&#8221; column_border_width=&#8221;none&#8221; column_border_style=&#8221;solid&#8221;][nectar_btn size=&#8221;jumbo&#8221; open_new_tab=&#8221;true&#8221; button_style=&#8221;regular&#8221; button_color_2=&#8221;Accent-Color&#8221; icon_family=&#8221;none&#8221; url=&#8221;https:\/\/vale-verde.com\/wp-content\/uploads\/2026\/03\/Edital-de-Patrocinio-a-Projetos-Sociais-MVV-2026.pdf&#8221; text=&#8221;VISUALIZE O EDITAL CLICANDO AQUI&#8221;][\/vc_column][\/vc_row][vc_row type=&#8221;in_container&#8221; full_screen_row_position=&#8221;middle&#8221; scene_position=&#8221;center&#8221; text_color=&#8221;dark&#8221; text_align=&#8221;left&#8221; overlay_strength=&#8221;0.3&#8243; shape_divider_position=&#8221;bottom&#8221;][vc_column column_padding=&#8221;no-extra-padding&#8221; column_padding_position=&#8221;all&#8221; background_color_opacity=&#8221;1&#8243; background_hover_color_opacity=&#8221;1&#8243; column_shadow=&#8221;none&#8221; column_border_radius=&#8221;none&#8221; width=&#8221;1\/1&#8243; tablet_text_alignment=&#8221;default&#8221; phone_text_alignment=&#8221;default&#8221; column_border_width=&#8221;none&#8221; column_border_style=&#8221;solid&#8221;][vc_raw_js]JTNDJTIxLS0lMjBHb29nbGUlMjBUYWclMjBNYW5hZ2VyJTIwLS0lM0UlMEElM0NzY3JpcHQlM0UlMjhmdW5jdGlvbiUyOHclMkNkJTJDcyUyQ2wlMkNpJTI5JTdCdyU1QmwlNUQlM0R3JTVCbCU1RCU3QyU3QyU1QiU1RCUzQnclNUJsJTVELnB1c2glMjglN0IlMjdndG0uc3RhcnQlMjclM0ElMEFuZXclMjBEYXRlJTI4JTI5LmdldFRpbWUlMjglMjklMkNldmVudCUzQSUyN2d0bS5qcyUyNyU3RCUyOSUzQnZhciUyMGYlM0RkLmdldEVsZW1lbnRzQnlUYWdOYW1lJTI4cyUyOSU1QjAlNUQlMkMlMEFqJTNEZC5jcmVhdGVFbGVtZW50JTI4cyUyOSUyQ2RsJTNEbCUyMSUzRCUyN2RhdGFMYXllciUyNyUzRiUyNyUyNmwlM0QlMjclMkJsJTNBJTI3JTI3JTNCai5hc3luYyUzRHRydWUlM0JqLnNyYyUzRCUwQSUyN2h0dHBzJTNBJTJGJTJGd3d3Lmdvb2dsZXRhZ21hbmFnZXIuY29tJTJGZ3RtLmpzJTNGaWQlM0QlMjclMkJpJTJCZGwlM0JmLnBhcmVudE5vZGUuaW5zZXJ0QmVmb3JlJTI4aiUyQ2YlMjklM0IlMEElN0QlMjklMjh3aW5kb3clMkNkb2N1bWVudCUyQyUyN3NjcmlwdCUyNyUyQyUyN2RhdGFMYXllciUyNyUyQyUyN0dUTS1NQkoyM1c3VyUyNyUyOSUzQiUzQyUyRnNjcmlwdCUzRSUwQSUzQyUyMS0tJTIwRW5kJTIwR29vZ2xlJTIwVGFnJTIwTWFuYWdlciUyMC0tJTNFJTBBJTBBJTNDJTIxLS0lMjBHb29nbGUlMjBUYWclMjBNYW5hZ2VyJTIwJTI4bm9zY3JpcHQlMjklMjAtLSUzRSUwQSUzQ25vc2NyaXB0JTNFJTNDaWZyYW1lJTIwc3JjJTNEJTIyaHR0cHMlM0ElMkYlMkZ3d3cuZ29vZ2xldGFnbWFuYWdlci5jb20lMkZucy5odG1sJTNGaWQlM0RHVE0tTUJKMjNXN1clMjIlMEFoZWlnaHQlM0QlMjIwJTIyJTIwd2lkdGglM0QlMjIwJTIyJTIwc3R5bGUlM0QlMjJkaXNwbGF5JTNBbm9uZSUzQnZpc2liaWxpdHklM0FoaWRkZW4lMjIlM0UlM0MlMkZpZnJhbWUlM0UlM0MlMkZub3NjcmlwdCUzRSUwQSUzQyUyMS0tJTIwRW5kJTIwR29vZ2xlJTIwVGFnJTIwTWFuYWdlciUyMCUyOG5vc2NyaXB0JTI5JTIwLS0lM0UlMEElMEElM0MlMjEtLSUyMEdvb2dsZSUyMHRhZyUyMCUyOGd0YWcuanMlMjklMjAtLSUzRSUwQSUzQ3NjcmlwdCUyMGFzeW5jJTIwc3JjJTNEJTIyaHR0cHMlM0ElMkYlMkZ3d3cuZ29vZ2xldGFnbWFuYWdlci5jb20lMkZndGFnJTJGanMlM0ZpZCUzREctU01TUENIRFc1ViUyMiUzRSUzQyUyRnNjcmlwdCUzRSUwQSUzQ3NjcmlwdCUzRSUwQSUyMCUyMHdpbmRvdy5kYXRhTGF5ZXIlMjAlM0QlMjB3aW5kb3cuZGF0YUxheWVyJTIwJTdDJTdDJTIwJTVCJTVEJTNCJTBBJTIwJTIwZnVuY3Rpb24lMjBndGFnJTI4JTI5JTdCZGF0YUxheWVyLnB1c2glMjhhcmd1bWVudHMlMjklM0IlN0QlMEElMjAlMjBndGFnJTI4JTI3anMlMjclMkMlMjBuZXclMjBEYXRlJTI4JTI5JTI5JTNCJTBBJTBBJTIwJTIwZ3RhZyUyOCUyN2NvbmZpZyUyNyUyQyUyMCUyN0ctU01TUENIRFc1ViUyNyUyOSUzQiUwQSUzQyUyRnNjcmlwdCUzRQ==[\/vc_raw_js][\/vc_column][\/vc_row]\n","protected":false},"excerpt":{"rendered":"<p>[vc_row type=&#8221;in_container&#8221; full_screen_row_position=&#8221;middle&#8221; scene_position=&#8221;center&#8221; text_color=&#8221;dark&#8221; text_align=&#8221;left&#8221; overlay_strength=&#8221;0.3&#8243; shape_divider_position=&#8221;bottom&#8221;][vc_column column_padding=&#8221;no-extra-padding&#8221; column_padding_position=&#8221;all&#8221; background_color_opacity=&#8221;1&#8243; background_hover_color_opacity=&#8221;1&#8243; column_shadow=&#8221;none&#8221; column_border_radius=&#8221;none&#8221; width=&#8221;1\/1&#8243;&#8230;<\/p>\n","protected":false},"author":1,"featured_media":0,"parent":0,"menu_order":0,"comment_status":"closed","ping_status":"closed","template":"","meta":{"footnotes":""},"class_list":["post-9081","page","type-page","status-publish"],"jetpack_sharing_enabled":true,"_links":{"self":[{"href":"https:\/\/vale-verde.com\/index.php\/wp-json\/wp\/v2\/pages\/9081","targetHints":{"allow":["GET"]}}],"collection":[{"href":"https:\/\/vale-verde.com\/index.php\/wp-json\/wp\/v2\/pages"}],"about":[{"href":"https:\/\/vale-verde.com\/index.php\/wp-json\/wp\/v2\/types\/page"}],"author":[{"embeddable":true,"href":"https:\/\/vale-verde.com\/index.php\/wp-json\/wp\/v2\/users\/1"}],"replies":[{"embeddable":true,"href":"https:\/\/vale-verde.com\/index.php\/wp-json\/wp\/v2\/comments?post=9081"}],"version-history":[{"count":22,"href":"https:\/\/vale-verde.com\/index.php\/wp-json\/wp\/v2\/pages\/9081\/revisions"}],"predecessor-version":[{"id":9245,"href":"https:\/\/vale-verde.com\/index.php\/wp-json\/wp\/v2\/pages\/9081\/revisions\/9245"}],"wp:attachment":[{"href":"https:\/\/vale-verde.com\/index.php\/wp-json\/wp\/v2\/media?parent=9081"}],"curies":[{"name":"wp","href":"https:\/\/api.w.org\/{rel}","templated":true}]}}